{"id":3,"date":"2025-03-20T11:13:54","date_gmt":"2025-03-20T11:13:54","guid":{"rendered":"http:\/\/ancatest.local\/?page_id=3"},"modified":"2025-06-02T08:05:22","modified_gmt":"2025-06-02T08:05:22","slug":"politika-privatnosti","status":"publish","type":"page","link":"https:\/\/anca674.supserv.cozmoslabs.com\/bs\/blog\/politika-privatnosti\/","title":{"rendered":"Politika privatnosti"},"content":{"rendered":"<h2 class=\"wp-block-heading\">Ko smo mi<\/h2>\n\n\n<p><strong class=\"privacy-policy-tutorial\">Predlo\u017eeni tekst: <\/strong>Adresa na\u0161e web stranice je: http:\/\/anca674.supserv.cozmoslabs.com.<\/p>\n\n\n<h2 class=\"wp-block-heading\">Komentari<\/h2>\n\n\n<p><strong class=\"privacy-policy-tutorial\">Predlo\u017eeni tekst: <\/strong>Kada posjetioci ostavljaju komentare na sajtu, prikupljamo podatke prikazane u obrascu za komentare, kao i IP adresu posjetioca i string korisni\u010dkog agenta preglednika kako bismo pomogli u otkrivanju ne\u017eeljene po\u0161te.<\/p>\n\n\n<p>Anonimizirani niz podataka kreiran iz va\u0161e adrese e-po\u0161te (tako\u0111er nazvan hash) mo\u017ee biti dostavljen Gravatar servisu kako bi se vidjelo da li ga koristite. Politika privatnosti Gravatar servisa dostupna je ovdje: https:\/\/automattic.com\/privacy\/. Nakon odobrenja va\u0161eg komentara, va\u0161a profilna slika je vidljiva javnosti u kontekstu va\u0161eg komentara.<\/p>\n\n\n<h2 class=\"wp-block-heading\">Mediji<\/h2>\n\n\n<p><strong class=\"privacy-policy-tutorial\">Predlo\u017eeni tekst: <\/strong>Ako postavljate slike na web stranicu, trebali biste izbjegavati postavljanje slika s ugra\u0111enim podacima o lokaciji (EXIF GPS). Posjetioci web stranice mogu preuzeti i izdvojiti bilo koje podatke o lokaciji sa slika na web stranici.<\/p>\n\n\n<h2 class=\"wp-block-heading\">Kola\u010di\u0107i<\/h2>\n\n\n<p><strong class=\"privacy-policy-tutorial\">Predlo\u017eeni tekst: <\/strong>Ako ostavite komentar na na\u0161oj stranici, mo\u017eete se prijaviti za spremanje va\u0161eg imena, adrese e-po\u0161te i web stranice u kola\u010di\u0107ima. Ovo je za va\u0161u udobnost kako ne biste morali ponovo unositi svoje podatke kada ostavite sljede\u0107i komentar. Ovi kola\u010di\u0107i \u0107e trajati godinu dana.<\/p>\n\n\n<p>Ako posjetite na\u0161u stranicu za prijavu, postavit \u0107emo privremeni kola\u010di\u0107 kako bismo utvrdili da li va\u0161 preglednik prihvata kola\u010di\u0107e. Ovaj kola\u010di\u0107 ne sadr\u017ei li\u010dne podatke i odbacuje se kada zatvorite preglednik.<\/p>\n\n\n<p>Kada se prijavite, postavit \u0107emo i nekoliko kola\u010di\u0107a kako bismo sa\u010duvali va\u0161e podatke za prijavu i va\u0161e izbore prikaza ekrana. Kola\u010di\u0107i za prijavu traju dva dana, a kola\u010di\u0107i za opcije ekrana traju godinu dana. Ako odaberete &quot;Zapamti me&quot;, va\u0161a prijava \u0107e trajati dvije sedmice. Ako se odjavite sa svog ra\u010duna, kola\u010di\u0107i za prijavu \u0107e biti uklonjeni.<\/p>\n\n\n<p>Ako uredite ili objavite \u010dlanak, dodatni kola\u010di\u0107 \u0107e biti sa\u010duvan u va\u0161em pregledniku. Ovaj kola\u010di\u0107 ne sadr\u017ei li\u010dne podatke i jednostavno ozna\u010dava ID objave \u010dlanka koji ste upravo uredili. Isti\u010de nakon 1 dana.<\/p>\n\n\n<h2 class=\"wp-block-heading\">Ugra\u0111eni sadr\u017eaj s drugih web stranica<\/h2>\n\n\n<p><strong class=\"privacy-policy-tutorial\">Predlo\u017eeni tekst: <\/strong>\u010clanci na ovoj stranici mogu sadr\u017eavati ugra\u0111eni sadr\u017eaj (npr. videozapise, slike, \u010dlanke itd.). Ugra\u0111eni sadr\u017eaj s drugih web stranica pona\u0161a se na potpuno isti na\u010din kao da je posjetitelj posjetio drugu web stranicu.<\/p>\n\n\n<p>Ove web stranice mogu prikupljati podatke o vama, koristiti kola\u010di\u0107e, ugraditi dodatno pra\u0107enje tre\u0107ih strana i pratiti va\u0161u interakciju s tim ugra\u0111enim sadr\u017eajem, uklju\u010duju\u0107i pra\u0107enje va\u0161e interakcije s ugra\u0111enim sadr\u017eajem ako imate ra\u010dun i prijavljeni ste na tu web stranicu.<\/p>\n\n\n<h2 class=\"wp-block-heading\">S kim dijelimo va\u0161e podatke<\/h2>\n\n\n<p><strong class=\"privacy-policy-tutorial\">Predlo\u017eeni tekst: <\/strong>Ako zatra\u017eite resetiranje lozinke, va\u0161a IP adresa \u0107e biti uklju\u010dena u e-poruku za resetiranje.<\/p>\n\n\n<h2 class=\"wp-block-heading\">Koliko dugo \u010duvamo va\u0161e podatke<\/h2>\n\n\n<p><strong class=\"privacy-policy-tutorial\">Predlo\u017eeni tekst: <\/strong>Ako ostavite komentar, komentar i njegovi metapodaci se \u010duvaju neograni\u010deno. To je kako bismo mogli automatski prepoznati i odobriti sve naknadne komentare umjesto da ih dr\u017eimo u redu za moderiranje.<\/p>\n\n\n<p>Za korisnike koji se registruju na na\u0161oj web stranici (ako ih ima), tako\u0111er pohranjujemo li\u010dne podatke koje dostave u njihovom korisni\u010dkom profilu. Svi korisnici mogu vidjeti, ure\u0111ivati ili brisati svoje li\u010dne podatke u bilo kojem trenutku (osim \u0161to ne mogu promijeniti svoje korisni\u010dko ime). Administratori web stranice tako\u0111er mogu vidjeti i ure\u0111ivati te podatke.<\/p>\n\n\n<h2 class=\"wp-block-heading\">Koja prava imate nad svojim podacima<\/h2>\n\n\n<p><strong class=\"privacy-policy-tutorial\">Predlo\u017eeni tekst: <\/strong>Ako imate ra\u010dun na ovoj stranici ili ste ostavili komentare, mo\u017eete zatra\u017eiti da primite izvezenu datoteku li\u010dnih podataka koje imamo o vama, uklju\u010duju\u0107i sve podatke koje ste nam dostavili. Tako\u0111er mo\u017eete zatra\u017eiti da izbri\u0161emo sve li\u010dne podatke koje imamo o vama. To ne uklju\u010duje podatke koje smo obavezni \u010duvati u administrativne, pravne ili sigurnosne svrhe.<\/p>\n\n\n<h2 class=\"wp-block-heading\">Gdje se va\u0161i podaci \u0161alju<\/h2>\n\n\n<p><strong class=\"privacy-policy-tutorial\">Predlo\u017eeni tekst: <\/strong>Komentari posjetilaca mogu se provjeriti putem automatizirane usluge za otkrivanje ne\u017eeljene po\u0161te.<\/p>","protected":false},"excerpt":{"rendered":"<p>Who we are Suggested text: Our website address is: http:\/\/anca674.supserv.cozmoslabs.com. Comments Suggested text: When visitors leave comments on the site we collect the data shown in the comments form, and also the visitor&#8217;s IP address and browser user agent string to help spam detection. An anonymized string created from your email address (also called a&hellip; <a class=\"more-link\" href=\"https:\/\/anca674.supserv.cozmoslabs.com\/bs\/blog\/politika-privatnosti\/\">Nastavi \u010ditati <span class=\"screen-reader-text\">Politika privatnosti<\/span><\/a><\/p>","protected":false},"author":1,"featured_media":0,"parent":361,"menu_order":0,"comment_status":"closed","ping_status":"closed","template":"","meta":{"footnotes":""},"class_list":["post-3","page","type-page","status-publish","hentry","entry"],"_links":{"self":[{"href":"https:\/\/anca674.supserv.cozmoslabs.com\/bs\/wp-json\/wp\/v2\/pages\/3","targetHints":{"allow":["GET"]}}],"collection":[{"href":"https:\/\/anca674.supserv.cozmoslabs.com\/bs\/wp-json\/wp\/v2\/pages"}],"about":[{"href":"https:\/\/anca674.supserv.cozmoslabs.com\/bs\/wp-json\/wp\/v2\/types\/page"}],"author":[{"embeddable":true,"href":"https:\/\/anca674.supserv.cozmoslabs.com\/bs\/wp-json\/wp\/v2\/users\/1"}],"replies":[{"embeddable":true,"href":"https:\/\/anca674.supserv.cozmoslabs.com\/bs\/wp-json\/wp\/v2\/comments?post=3"}],"version-history":[{"count":1,"href":"https:\/\/anca674.supserv.cozmoslabs.com\/bs\/wp-json\/wp\/v2\/pages\/3\/revisions"}],"predecessor-version":[{"id":17,"href":"https:\/\/anca674.supserv.cozmoslabs.com\/bs\/wp-json\/wp\/v2\/pages\/3\/revisions\/17"}],"up":[{"embeddable":true,"href":"https:\/\/anca674.supserv.cozmoslabs.com\/bs\/wp-json\/wp\/v2\/pages\/361"}],"wp:attachment":[{"href":"https:\/\/anca674.supserv.cozmoslabs.com\/bs\/wp-json\/wp\/v2\/media?parent=3"}],"curies":[{"name":"wp","href":"https:\/\/api.w.org\/{rel}","templated":true}]}}