{"id":361,"date":"2025-06-02T08:03:08","date_gmt":"2025-06-02T08:03:08","guid":{"rendered":"http:\/\/ancatest.local\/?page_id=361"},"modified":"2025-09-05T10:14:12","modified_gmt":"2025-09-05T10:14:12","slug":"blog","status":"publish","type":"page","link":"https:\/\/anca674.supserv.cozmoslabs.com\/bs\/blog\/","title":{"rendered":"Blog"},"content":{"rendered":"<p>Kapi ki\u0161e su ritmi\u010dno udarale o krov dok je duga provirivala kroz sive oblake. Pas je lajao na vlastitu sjenu, a usamljena biciklistkinja je pjevu\u0161ila melodiju dok je prolazila. Na uli\u010dnom uglu, starac je hranio golubove, rasipaju\u0107i mrvice koje su svjetlucale na sun\u010devoj svjetlosti.<\/p>","protected":false},"excerpt":{"rendered":"<p>Kapi ki\u0161e su ritmi\u010dno udarale o krov dok je duga provirivala kroz sive oblake. Pas je lajao na vlastitu sjenu, a usamljena biciklistkinja je pjevu\u0161ila melodiju dok je prolazila. Na uli\u010dnom uglu, starac je hranio golubove, rasipaju\u0107i mrvice koje su svjetlucale na sun\u010devoj svjetlosti.<\/p>","protected":false},"author":1,"featured_media":0,"parent":0,"menu_order":0,"comment_status":"closed","ping_status":"closed","template":"","meta":{"footnotes":""},"class_list":["post-361","page","type-page","status-publish","hentry","entry"],"_links":{"self":[{"href":"https:\/\/anca674.supserv.cozmoslabs.com\/bs\/wp-json\/wp\/v2\/pages\/361","targetHints":{"allow":["GET"]}}],"collection":[{"href":"https:\/\/anca674.supserv.cozmoslabs.com\/bs\/wp-json\/wp\/v2\/pages"}],"about":[{"href":"https:\/\/anca674.supserv.cozmoslabs.com\/bs\/wp-json\/wp\/v2\/types\/page"}],"author":[{"embeddable":true,"href":"https:\/\/anca674.supserv.cozmoslabs.com\/bs\/wp-json\/wp\/v2\/users\/1"}],"replies":[{"embeddable":true,"href":"https:\/\/anca674.supserv.cozmoslabs.com\/bs\/wp-json\/wp\/v2\/comments?post=361"}],"version-history":[{"count":2,"href":"https:\/\/anca674.supserv.cozmoslabs.com\/bs\/wp-json\/wp\/v2\/pages\/361\/revisions"}],"predecessor-version":[{"id":632,"href":"https:\/\/anca674.supserv.cozmoslabs.com\/bs\/wp-json\/wp\/v2\/pages\/361\/revisions\/632"}],"wp:attachment":[{"href":"https:\/\/anca674.supserv.cozmoslabs.com\/bs\/wp-json\/wp\/v2\/media?parent=361"}],"curies":[{"name":"wp","href":"https:\/\/api.w.org\/{rel}","templated":true}]}}