{"id":550,"date":"2025-08-06T09:07:16","date_gmt":"2025-08-06T09:07:16","guid":{"rendered":"http:\/\/ancatest.local\/?page_id=550"},"modified":"2025-09-05T10:14:54","modified_gmt":"2025-09-05T10:14:54","slug":"moldavija","status":"publish","type":"page","link":"https:\/\/anca674.supserv.cozmoslabs.com\/bs\/test-2\/moldavija\/","title":{"rendered":"test10"},"content":{"rendered":"<p>Papirna vre\u0107ica se kotrljala niz plo\u010dnik, jure\u0107i za vjetrom. U maloj knji\u017eari, neko je \u0161apnuo tajnu izlizanog romana. Baloni su lagano lebdjeli iznad ro\u0111endanske zabave s druge strane ulice. U me\u0111uvremenu, uli\u010dni muzi\u010dar je svirao gitaru, ispunjavaju\u0107i zrak melodijama, a leptir je nje\u017eno sletio na obli\u017enji ru\u017ei\u010dasti tulipan.<\/p>","protected":false},"excerpt":{"rendered":"<p>Papirna vre\u0107ica se kotrljala niz plo\u010dnik, jure\u0107i za vjetrom. U maloj knji\u017eari, neko je \u0161apnuo tajnu izlizanog romana. Baloni su lagano lebdjeli iznad ro\u0111endanske zabave s druge strane ulice. U me\u0111uvremenu, uli\u010dni muzi\u010dar je svirao gitaru, ispunjavaju\u0107i zrak melodijama, a leptir je nje\u017eno sletio na obli\u017enji ru\u017ei\u010dasti tulipan.<\/p>","protected":false},"author":1,"featured_media":0,"parent":368,"menu_order":0,"comment_status":"closed","ping_status":"closed","template":"","meta":{"footnotes":""},"class_list":["post-550","page","type-page","status-publish","hentry","entry"],"_links":{"self":[{"href":"https:\/\/anca674.supserv.cozmoslabs.com\/bs\/wp-json\/wp\/v2\/pages\/550","targetHints":{"allow":["GET"]}}],"collection":[{"href":"https:\/\/anca674.supserv.cozmoslabs.com\/bs\/wp-json\/wp\/v2\/pages"}],"about":[{"href":"https:\/\/anca674.supserv.cozmoslabs.com\/bs\/wp-json\/wp\/v2\/types\/page"}],"author":[{"embeddable":true,"href":"https:\/\/anca674.supserv.cozmoslabs.com\/bs\/wp-json\/wp\/v2\/users\/1"}],"replies":[{"embeddable":true,"href":"https:\/\/anca674.supserv.cozmoslabs.com\/bs\/wp-json\/wp\/v2\/comments?post=550"}],"version-history":[{"count":3,"href":"https:\/\/anca674.supserv.cozmoslabs.com\/bs\/wp-json\/wp\/v2\/pages\/550\/revisions"}],"predecessor-version":[{"id":634,"href":"https:\/\/anca674.supserv.cozmoslabs.com\/bs\/wp-json\/wp\/v2\/pages\/550\/revisions\/634"}],"up":[{"embeddable":true,"href":"https:\/\/anca674.supserv.cozmoslabs.com\/bs\/wp-json\/wp\/v2\/pages\/368"}],"wp:attachment":[{"href":"https:\/\/anca674.supserv.cozmoslabs.com\/bs\/wp-json\/wp\/v2\/media?parent=550"}],"curies":[{"name":"wp","href":"https:\/\/api.w.org\/{rel}","templated":true}]}}