{"id":60,"date":"2025-04-04T12:06:35","date_gmt":"2025-04-04T12:06:35","guid":{"rendered":"http:\/\/ancatest.local\/?page_id=60"},"modified":"2025-09-05T10:13:37","modified_gmt":"2025-09-05T10:13:37","slug":"rjesenje","status":"publish","type":"page","link":"https:\/\/anca674.supserv.cozmoslabs.com\/bs\/blog\/rjesenje\/","title":{"rendered":"rje\u0161enje-stavka"},"content":{"rendered":"<p><strong>Sunce se lijeno dizalo nad tihim gradom, oslikavaju\u0107i krovove zlatom. Ma\u010dka se protezala na prozorskoj dasci, trep\u0107u\u0107i prema ptici koja je prolazila. <\/strong><\/p>","protected":false},"excerpt":{"rendered":"<p>Sunce se lijeno dizalo nad tihim gradom, oslikavaju\u0107i krovove zlatom. Ma\u010dka se protezala na prozorskoj dasci, trep\u0107u\u0107i prema ptici koja je prolazila.<\/p>","protected":false},"author":1,"featured_media":0,"parent":361,"menu_order":0,"comment_status":"closed","ping_status":"closed","template":"","meta":{"footnotes":""},"class_list":["post-60","page","type-page","status-publish","hentry","entry"],"_links":{"self":[{"href":"https:\/\/anca674.supserv.cozmoslabs.com\/bs\/wp-json\/wp\/v2\/pages\/60","targetHints":{"allow":["GET"]}}],"collection":[{"href":"https:\/\/anca674.supserv.cozmoslabs.com\/bs\/wp-json\/wp\/v2\/pages"}],"about":[{"href":"https:\/\/anca674.supserv.cozmoslabs.com\/bs\/wp-json\/wp\/v2\/types\/page"}],"author":[{"embeddable":true,"href":"https:\/\/anca674.supserv.cozmoslabs.com\/bs\/wp-json\/wp\/v2\/users\/1"}],"replies":[{"embeddable":true,"href":"https:\/\/anca674.supserv.cozmoslabs.com\/bs\/wp-json\/wp\/v2\/comments?post=60"}],"version-history":[{"count":2,"href":"https:\/\/anca674.supserv.cozmoslabs.com\/bs\/wp-json\/wp\/v2\/pages\/60\/revisions"}],"predecessor-version":[{"id":630,"href":"https:\/\/anca674.supserv.cozmoslabs.com\/bs\/wp-json\/wp\/v2\/pages\/60\/revisions\/630"}],"up":[{"embeddable":true,"href":"https:\/\/anca674.supserv.cozmoslabs.com\/bs\/wp-json\/wp\/v2\/pages\/361"}],"wp:attachment":[{"href":"https:\/\/anca674.supserv.cozmoslabs.com\/bs\/wp-json\/wp\/v2\/media?parent=60"}],"curies":[{"name":"wp","href":"https:\/\/api.w.org\/{rel}","templated":true}]}}