{"id":62,"date":"2025-04-04T12:06:54","date_gmt":"2025-04-04T12:06:54","guid":{"rendered":"http:\/\/ancatest.local\/?page_id=62"},"modified":"2025-09-05T10:43:07","modified_gmt":"2025-09-05T10:43:07","slug":"solution","status":"publish","type":"page","link":"https:\/\/anca674.supserv.cozmoslabs.com\/bs\/blog\/solution\/","title":{"rendered":"rje\u0161enje"},"content":{"rendered":"<p><strong>U parku, dje\u010dji smijeh odjekivao je poput zmaja zapetljanog u starom hrastu. Kafa se kuhala u obli\u017enjem kafi\u0107u, ispunjavaju\u0107i zrak toplinom i mirisom. Zvono bicikla zazvonilo je dok je neko prolazio biciklima, jedva izbjegav\u0161i lokvicu koju je ostavila ju\u010dera\u0161nja ki\u0161a. Papirni avioni letjeli su iznad u\u010dionice, dok je udaljeni zvi\u017eduk vlaka podsje\u0107ao sve na putovanja koja tek predstoje. U me\u0111uvremenu, zaboravljena bilje\u017enica le\u017eala je otvorena na klupi, \u010dekaju\u0107i da joj se pri\u010da ispri\u010da.<\/strong><\/p>\n\n\n<div class=\"trp-shortcode-switcher__wrapper\"\r\n     style=\"--bg:#ffffff;--bg-hover:#0000000d;--text:#52142e;--text-hover:#1d2327;--border:1px solid #1438521a;--border-width:1px;--border-color:#1438521a;--border-radius:5px;--flag-radius:2px;--flag-size:18px;--aspect-ratio:4\/3;--font-size:14px;--transition-duration:0.2s\"\r\n     role=\"group\"\r\n     data-open-mode=\"hover\">\r\n\r\n    <!-- ANCHOR (in-flow only; sizing\/borders; inert) -->\r\n    <div class=\"trp-language-switcher trp-ls-dropdown trp-shortcode-switcher trp-shortcode-anchor trp-open-on-hover\"\r\n         aria-hidden=\"true\"\r\n         inert\r\n data-no-translation>\r\n            <div class=\"trp-current-language-item__wrapper\">\r\n        <a class=\"trp-language-item trp-language-item__default trp-language-item__current\"\r\n           href=\"https:\/\/anca674.supserv.cozmoslabs.com\/bs\/wp-json\/wp\/v2\/pages\/62\"\r\n           aria-current=\"true\"\r\n           role=\"option\"\r\n           aria-selected=\"true\"\r\n           tabindex=\"0\"\r\n           data-no-translation\r\n title=\"Bosnian\"\r\n        >\r\n            <img decoding=\"async\" src=\"https:\/\/anca674.supserv.cozmoslabs.com\/wp-content\/plugins\/translatepress-multilingual\/assets\/flags\/4x3\/bs_BA.svg\" class=\"trp-flag-image\" alt=\"Bosnian\" loading=\"lazy\" \/>                            <span class=\"trp-language-item-name\">Bosnian<\/span>\r\n                                <\/a>\r\n                    <svg class=\"trp-shortcode-arrow\" width=\"20\" height=\"20\" viewbox=\"0 0 20 21\" fill=\"none\" aria-hidden=\"true\" focusable=\"false\" xmlns=\"http:\/\/www.w3.org\/2000\/svg\">\r\n                <path d=\"M5 8L10 13L15 8\" stroke=\"var(--text)\" stroke-width=\"2\" stroke-linecap=\"round\" stroke-linejoin=\"round\"\/>\r\n            <\/svg>\r\n            <\/div>\r\n        <\/div>\r\n\r\n    <!-- OVERLAY (positioned; interactive surface) -->\r\n    <div class=\"trp-language-switcher trp-ls-dropdown trp-shortcode-switcher trp-shortcode-overlay trp-open-on-hover\"\r\n         role=\"listbox\"\r\n         aria-haspopup=\"listbox\"\r\n         aria-expanded=\"false\"\r\n         tabindex=\"0\"\r\n         data-no-translation\r\n>\r\n            <div class=\"trp-current-language-item__wrapper\">\r\n        <a class=\"trp-language-item trp-language-item__default trp-language-item__current\"\r\n           href=\"https:\/\/anca674.supserv.cozmoslabs.com\/bs\/wp-json\/wp\/v2\/pages\/62\"\r\n           aria-current=\"true\"\r\n           role=\"option\"\r\n           aria-selected=\"true\"\r\n           tabindex=\"0\"\r\n           data-no-translation\r\n title=\"Bosanski\"\r\n        >\r\n            <img decoding=\"async\" src=\"https:\/\/anca674.supserv.cozmoslabs.com\/wp-content\/plugins\/translatepress-multilingual\/assets\/flags\/4x3\/bs_BA.svg\" class=\"trp-flag-image\" alt=\"Bosanski\" loading=\"lazy\" \/>                            <span class=\"trp-language-item-name\">Bosanski<\/span>\r\n                                <\/a>\r\n                    <svg class=\"trp-shortcode-arrow\" width=\"20\" height=\"20\" viewbox=\"0 0 20 21\" fill=\"none\" aria-hidden=\"true\" focusable=\"false\" xmlns=\"http:\/\/www.w3.org\/2000\/svg\">\r\n                <path d=\"M5 8L10 13L15 8\" stroke=\"var(--text)\" stroke-width=\"2\" stroke-linecap=\"round\" stroke-linejoin=\"round\"\/>\r\n            <\/svg>\r\n            <\/div>\r\n    \r\n        <div class=\"trp-switcher-dropdown-list\" hidden inert>\r\n                                                <a class=\"trp-language-item\" href=\"https:\/\/anca674.supserv.cozmoslabs.com\/bs\/wp-json\/wp\/v2\/pages\/62\" role=\"option\" tabindex=\"-1\" title=\"Engleski (Sjedinjene Ameri\u010dke Dr\u017eave)\">\r\n                        <img decoding=\"async\" src=\"https:\/\/anca674.supserv.cozmoslabs.com\/wp-content\/uploads\/2025\/04\/HD-wallpaper-stars-abej-beograd-13x12.jpg\" class=\"trp-flag-image trp-custom-flag\" alt=\"Engleski (Sjedinjene Ameri\u010dke Dr\u017eave)\" loading=\"lazy\" \/>                                                    <span class=\"trp-language-item-name\" data-no-translation>English (United States)<\/span>\r\n                                                                    <\/a>\r\n                                    <a class=\"trp-language-item\" href=\"https:\/\/anca674.supserv.cozmoslabs.com\/bs\/wp-json\/wp\/v2\/pages\/62\" role=\"option\" tabindex=\"-1\" title=\"Francuski\">\r\n                        <img decoding=\"async\" src=\"https:\/\/anca674.supserv.cozmoslabs.com\/wp-content\/plugins\/translatepress-multilingual\/assets\/flags\/4x3\/fr_FR.svg\" class=\"trp-flag-image\" alt=\"Francuski\" loading=\"lazy\" \/>                                                    <span class=\"trp-language-item-name\" data-no-translation>French<\/span>\r\n                                                                    <\/a>\r\n                                    <a class=\"trp-language-item\" href=\"https:\/\/anca674.supserv.cozmoslabs.com\/bs\/wp-json\/wp\/v2\/pages\/62\" role=\"option\" tabindex=\"-1\" title=\"\u0160panski\">\r\n                        <img decoding=\"async\" src=\"https:\/\/anca674.supserv.cozmoslabs.com\/wp-content\/plugins\/translatepress-multilingual\/assets\/flags\/4x3\/es_ES.svg\" class=\"trp-flag-image\" alt=\"\u0160panski\" loading=\"lazy\" \/>                                                    <span class=\"trp-language-item-name\" data-no-translation>Spanish<\/span>\r\n                                                                    <\/a>\r\n                                    <a class=\"trp-language-item\" href=\"https:\/\/anca674.supserv.cozmoslabs.com\/bs\/wp-json\/wp\/v2\/pages\/62\" role=\"option\" tabindex=\"-1\" title=\"Vel\u0161ki\">\r\n                        <img decoding=\"async\" src=\"https:\/\/anca674.supserv.cozmoslabs.com\/wp-content\/plugins\/translatepress-multilingual\/assets\/flags\/4x3\/cy.svg\" class=\"trp-flag-image\" alt=\"Vel\u0161ki\" loading=\"lazy\" \/>                                                    <span class=\"trp-language-item-name\" data-no-translation>Welsh<\/span>\r\n                                                                    <\/a>\r\n                                    <\/div>\r\n    <\/div>\r\n<\/div>","protected":false},"excerpt":{"rendered":"<p>In the park, children\u2019s laughter echoed as a kite tangled in an old oak tree. Coffee brewed in a nearby caf\u00e9, filling the air with warmth and aroma. A bicycle bell rang as someone pedaled past, narrowly missing a puddle left by yesterday\u2019s rain. Paper airplanes soared across a classroom, while a distant train whistle&hellip; <a class=\"more-link\" href=\"https:\/\/anca674.supserv.cozmoslabs.com\/bs\/blog\/solution\/\">Nastavi \u010ditati <span class=\"screen-reader-text\">rje\u0161enje<\/span><\/a><\/p>","protected":false},"author":1,"featured_media":0,"parent":361,"menu_order":0,"comment_status":"closed","ping_status":"closed","template":"","meta":{"footnotes":""},"class_list":["post-62","page","type-page","status-publish","hentry","entry"],"_links":{"self":[{"href":"https:\/\/anca674.supserv.cozmoslabs.com\/bs\/wp-json\/wp\/v2\/pages\/62","targetHints":{"allow":["GET"]}}],"collection":[{"href":"https:\/\/anca674.supserv.cozmoslabs.com\/bs\/wp-json\/wp\/v2\/pages"}],"about":[{"href":"https:\/\/anca674.supserv.cozmoslabs.com\/bs\/wp-json\/wp\/v2\/types\/page"}],"author":[{"embeddable":true,"href":"https:\/\/anca674.supserv.cozmoslabs.com\/bs\/wp-json\/wp\/v2\/users\/1"}],"replies":[{"embeddable":true,"href":"https:\/\/anca674.supserv.cozmoslabs.com\/bs\/wp-json\/wp\/v2\/comments?post=62"}],"version-history":[{"count":3,"href":"https:\/\/anca674.supserv.cozmoslabs.com\/bs\/wp-json\/wp\/v2\/pages\/62\/revisions"}],"predecessor-version":[{"id":643,"href":"https:\/\/anca674.supserv.cozmoslabs.com\/bs\/wp-json\/wp\/v2\/pages\/62\/revisions\/643"}],"up":[{"embeddable":true,"href":"https:\/\/anca674.supserv.cozmoslabs.com\/bs\/wp-json\/wp\/v2\/pages\/361"}],"wp:attachment":[{"href":"https:\/\/anca674.supserv.cozmoslabs.com\/bs\/wp-json\/wp\/v2\/media?parent=62"}],"curies":[{"name":"wp","href":"https:\/\/api.w.org\/{rel}","templated":true}]}}