{"id":550,"date":"2025-08-06T09:07:16","date_gmt":"2025-08-06T09:07:16","guid":{"rendered":"http:\/\/ancatest.local\/?page_id=550"},"modified":"2025-09-05T10:14:54","modified_gmt":"2025-09-05T10:14:54","slug":"moldofa","status":"publish","type":"page","link":"https:\/\/anca674.supserv.cozmoslabs.com\/cy\/prawf-2\/moldofa\/","title":{"rendered":"prawf10"},"content":{"rendered":"<p>Syrthiodd bag papur i lawr y palmant, gan ddilyn y gwynt. Mewn siop lyfrau fach, sibrydodd rhywun gyfrinach i nofel glust-gi. Roedd bal\u0175ns yn arnofio&#039;n ysgafn uwchben parti pen-blwydd ar draws y stryd. Yn y cyfamser, roedd cerddor stryd yn chwarae git\u00e2r, gan lenwi&#039;r awyr \u00e2 melod\u00efau, a glaniodd gl\u00f6yn byw yn ysgafn ar diwlip pinc gerllaw.<\/p>","protected":false},"excerpt":{"rendered":"<p>Syrthiodd bag papur i lawr y palmant, gan ddilyn y gwynt. Mewn siop lyfrau fach, sibrydodd rhywun gyfrinach i nofel glust-gi. Roedd bal\u0175ns yn arnofio&#039;n ysgafn uwchben parti pen-blwydd ar draws y stryd. Yn y cyfamser, roedd cerddor stryd yn chwarae git\u00e2r, gan lenwi&#039;r awyr \u00e2 melod\u00efau, a glaniodd gl\u00f6yn byw yn ysgafn ar diwlip pinc gerllaw.<\/p>","protected":false},"author":1,"featured_media":0,"parent":368,"menu_order":0,"comment_status":"closed","ping_status":"closed","template":"","meta":{"footnotes":""},"class_list":["post-550","page","type-page","status-publish","hentry","entry"],"_links":{"self":[{"href":"https:\/\/anca674.supserv.cozmoslabs.com\/cy\/wp-json\/wp\/v2\/pages\/550","targetHints":{"allow":["GET"]}}],"collection":[{"href":"https:\/\/anca674.supserv.cozmoslabs.com\/cy\/wp-json\/wp\/v2\/pages"}],"about":[{"href":"https:\/\/anca674.supserv.cozmoslabs.com\/cy\/wp-json\/wp\/v2\/types\/page"}],"author":[{"embeddable":true,"href":"https:\/\/anca674.supserv.cozmoslabs.com\/cy\/wp-json\/wp\/v2\/users\/1"}],"replies":[{"embeddable":true,"href":"https:\/\/anca674.supserv.cozmoslabs.com\/cy\/wp-json\/wp\/v2\/comments?post=550"}],"version-history":[{"count":3,"href":"https:\/\/anca674.supserv.cozmoslabs.com\/cy\/wp-json\/wp\/v2\/pages\/550\/revisions"}],"predecessor-version":[{"id":634,"href":"https:\/\/anca674.supserv.cozmoslabs.com\/cy\/wp-json\/wp\/v2\/pages\/550\/revisions\/634"}],"up":[{"embeddable":true,"href":"https:\/\/anca674.supserv.cozmoslabs.com\/cy\/wp-json\/wp\/v2\/pages\/368"}],"wp:attachment":[{"href":"https:\/\/anca674.supserv.cozmoslabs.com\/cy\/wp-json\/wp\/v2\/media?parent=550"}],"curies":[{"name":"gair","href":"https:\/\/api.w.org\/{rel}","templated":true}]}}