{"id":478,"date":"2025-07-30T10:48:26","date_gmt":"2025-07-30T10:48:26","guid":{"rendered":"http:\/\/ancatest.local\/?page_id=478"},"modified":"2025-07-30T10:48:27","modified_gmt":"2025-07-30T10:48:27","slug":"pagina-de-prueba","status":"publish","type":"page","link":"https:\/\/anca674.supserv.cozmoslabs.com\/es\/pagina-de-prueba\/","title":{"rendered":"p\u00e1gina de prueba"},"content":{"rendered":"<p>Hola, esto es s\u00f3lo una p\u00e1gina de prueba para probar la traducci\u00f3n autom\u00e1tica para el idioma tailand\u00e9s <\/p>","protected":false},"excerpt":{"rendered":"<p>Hola, esto es s\u00f3lo una p\u00e1gina de prueba para probar la traducci\u00f3n autom\u00e1tica para el idioma tailand\u00e9s<\/p>","protected":false},"author":1,"featured_media":0,"parent":0,"menu_order":0,"comment_status":"closed","ping_status":"closed","template":"","meta":{"footnotes":""},"class_list":["post-478","page","type-page","status-publish","hentry","entry"],"_links":{"self":[{"href":"https:\/\/anca674.supserv.cozmoslabs.com\/es\/wp-json\/wp\/v2\/pages\/478","targetHints":{"allow":["GET"]}}],"collection":[{"href":"https:\/\/anca674.supserv.cozmoslabs.com\/es\/wp-json\/wp\/v2\/pages"}],"about":[{"href":"https:\/\/anca674.supserv.cozmoslabs.com\/es\/wp-json\/wp\/v2\/types\/page"}],"author":[{"embeddable":true,"href":"https:\/\/anca674.supserv.cozmoslabs.com\/es\/wp-json\/wp\/v2\/users\/1"}],"replies":[{"embeddable":true,"href":"https:\/\/anca674.supserv.cozmoslabs.com\/es\/wp-json\/wp\/v2\/comments?post=478"}],"version-history":[{"count":1,"href":"https:\/\/anca674.supserv.cozmoslabs.com\/es\/wp-json\/wp\/v2\/pages\/478\/revisions"}],"predecessor-version":[{"id":480,"href":"https:\/\/anca674.supserv.cozmoslabs.com\/es\/wp-json\/wp\/v2\/pages\/478\/revisions\/480"}],"wp:attachment":[{"href":"https:\/\/anca674.supserv.cozmoslabs.com\/es\/wp-json\/wp\/v2\/media?parent=478"}],"curies":[{"name":"wp","href":"https:\/\/api.w.org\/{rel}","templated":true}]}}