{"id":550,"date":"2025-08-06T09:07:16","date_gmt":"2025-08-06T09:07:16","guid":{"rendered":"http:\/\/ancatest.local\/?page_id=550"},"modified":"2025-09-05T10:14:54","modified_gmt":"2025-09-05T10:14:54","slug":"moldavia","status":"publish","type":"page","link":"https:\/\/anca674.supserv.cozmoslabs.com\/es\/prueba-2\/moldavia\/","title":{"rendered":"prueba10"},"content":{"rendered":"<p>Una bolsa de papel cae por la acera, perseguida por el viento. En una diminuta librer\u00eda, alguien susurra un secreto a una novela con las orejas hechas un perro. Los globos flotan suavemente sobre una fiesta de cumplea\u00f1os al otro lado de la calle. Mientras tanto, un m\u00fasico callejero rasgueaba una guitarra, llenando el aire de melod\u00edas, y una mariposa se posaba delicadamente en un tulip\u00e1n rosa cercano.<\/p>","protected":false},"excerpt":{"rendered":"<p>Una bolsa de papel cae por la acera, perseguida por el viento. En una diminuta librer\u00eda, alguien susurra un secreto a una novela con las orejas hechas un perro. Los globos flotan suavemente sobre una fiesta de cumplea\u00f1os al otro lado de la calle. Mientras tanto, un m\u00fasico callejero rasgueaba una guitarra, llenando el aire de melod\u00edas, y una mariposa se posaba delicadamente en un tulip\u00e1n rosa cercano.<\/p>","protected":false},"author":1,"featured_media":0,"parent":368,"menu_order":0,"comment_status":"closed","ping_status":"closed","template":"","meta":{"footnotes":""},"class_list":["post-550","page","type-page","status-publish","hentry","entry"],"_links":{"self":[{"href":"https:\/\/anca674.supserv.cozmoslabs.com\/es\/wp-json\/wp\/v2\/pages\/550","targetHints":{"allow":["GET"]}}],"collection":[{"href":"https:\/\/anca674.supserv.cozmoslabs.com\/es\/wp-json\/wp\/v2\/pages"}],"about":[{"href":"https:\/\/anca674.supserv.cozmoslabs.com\/es\/wp-json\/wp\/v2\/types\/page"}],"author":[{"embeddable":true,"href":"https:\/\/anca674.supserv.cozmoslabs.com\/es\/wp-json\/wp\/v2\/users\/1"}],"replies":[{"embeddable":true,"href":"https:\/\/anca674.supserv.cozmoslabs.com\/es\/wp-json\/wp\/v2\/comments?post=550"}],"version-history":[{"count":3,"href":"https:\/\/anca674.supserv.cozmoslabs.com\/es\/wp-json\/wp\/v2\/pages\/550\/revisions"}],"predecessor-version":[{"id":634,"href":"https:\/\/anca674.supserv.cozmoslabs.com\/es\/wp-json\/wp\/v2\/pages\/550\/revisions\/634"}],"up":[{"embeddable":true,"href":"https:\/\/anca674.supserv.cozmoslabs.com\/es\/wp-json\/wp\/v2\/pages\/368"}],"wp:attachment":[{"href":"https:\/\/anca674.supserv.cozmoslabs.com\/es\/wp-json\/wp\/v2\/media?parent=550"}],"curies":[{"name":"wp","href":"https:\/\/api.w.org\/{rel}","templated":true}]}}