{"id":2,"date":"2025-03-20T11:13:54","date_gmt":"2025-03-20T11:13:54","guid":{"rendered":"http:\/\/ancatest.local\/?page_id=2"},"modified":"2025-07-07T11:56:13","modified_gmt":"2025-07-07T11:56:13","slug":"page-dexemple","status":"publish","type":"page","link":"https:\/\/anca674.supserv.cozmoslabs.com\/fr\/blog\/page-dexemple\/","title":{"rendered":"Exemple de page"},"content":{"rendered":"<div class=\"trp-shortcode-switcher__wrapper\"\r\n     style=\"--bg:#ffffff;--bg-hover:#0000000d;--text:#52142e;--text-hover:#1d2327;--border:1px solid #1438521a;--border-width:1px;--border-color:#1438521a;--border-radius:5px;--flag-radius:2px;--flag-size:18px;--aspect-ratio:4\/3;--font-size:14px;--transition-duration:0.2s\"\r\n     role=\"group\"\r\n     data-open-mode=\"hover\">\r\n\r\n    <!-- ANCHOR (in-flow only; sizing\/borders; inert) -->\r\n    <div class=\"trp-language-switcher trp-ls-dropdown trp-shortcode-switcher trp-shortcode-anchor trp-open-on-hover\"\r\n         aria-hidden=\"true\"\r\n         inert\r\n data-no-translation>\r\n            <div class=\"trp-current-language-item__wrapper\">\r\n        <a class=\"trp-language-item trp-language-item__default trp-language-item__current\"\r\n           href=\"https:\/\/anca674.supserv.cozmoslabs.com\/fr\/wp-json\/wp\/v2\/pages\/2\"\r\n           aria-current=\"true\"\r\n           role=\"option\"\r\n           aria-selected=\"true\"\r\n           tabindex=\"0\"\r\n           data-no-translation\r\n title=\"French\"\r\n        >\r\n            <img decoding=\"async\" src=\"https:\/\/anca674.supserv.cozmoslabs.com\/wp-content\/plugins\/translatepress-multilingual\/assets\/flags\/4x3\/fr_FR.svg\" class=\"trp-flag-image\" alt=\"French\" loading=\"lazy\" \/>                            <span class=\"trp-language-item-name\">French<\/span>\r\n                                <\/a>\r\n                    <svg class=\"trp-shortcode-arrow\" width=\"20\" height=\"20\" viewbox=\"0 0 20 21\" fill=\"none\" aria-hidden=\"true\" focusable=\"false\" xmlns=\"http:\/\/www.w3.org\/2000\/svg\">\r\n                <path d=\"M5 8L10 13L15 8\" stroke=\"var(--text)\" stroke-width=\"2\" stroke-linecap=\"round\" stroke-linejoin=\"round\"\/>\r\n            <\/svg>\r\n            <\/div>\r\n        <\/div>\r\n\r\n    <!-- OVERLAY (positioned; interactive surface) -->\r\n    <div class=\"trp-language-switcher trp-ls-dropdown trp-shortcode-switcher trp-shortcode-overlay trp-open-on-hover\"\r\n         role=\"listbox\"\r\n         aria-haspopup=\"listbox\"\r\n         aria-expanded=\"false\"\r\n         tabindex=\"0\"\r\n         data-no-translation\r\n>\r\n            <div class=\"trp-current-language-item__wrapper\">\r\n        <a class=\"trp-language-item trp-language-item__default trp-language-item__current\"\r\n           href=\"https:\/\/anca674.supserv.cozmoslabs.com\/fr\/wp-json\/wp\/v2\/pages\/2\"\r\n           aria-current=\"true\"\r\n           role=\"option\"\r\n           aria-selected=\"true\"\r\n           tabindex=\"0\"\r\n           data-no-translation\r\n title=\"Fran\u00e7ais\"\r\n        >\r\n            <img decoding=\"async\" src=\"https:\/\/anca674.supserv.cozmoslabs.com\/wp-content\/plugins\/translatepress-multilingual\/assets\/flags\/4x3\/fr_FR.svg\" class=\"trp-flag-image\" alt=\"Fran\u00e7ais\" loading=\"lazy\" \/>                            <span class=\"trp-language-item-name\">Fran\u00e7ais<\/span>\r\n                                <\/a>\r\n                    <svg class=\"trp-shortcode-arrow\" width=\"20\" height=\"20\" viewbox=\"0 0 20 21\" fill=\"none\" aria-hidden=\"true\" focusable=\"false\" xmlns=\"http:\/\/www.w3.org\/2000\/svg\">\r\n                <path d=\"M5 8L10 13L15 8\" stroke=\"var(--text)\" stroke-width=\"2\" stroke-linecap=\"round\" stroke-linejoin=\"round\"\/>\r\n            <\/svg>\r\n            <\/div>\r\n    \r\n        <div class=\"trp-switcher-dropdown-list\" hidden inert>\r\n                                                <a class=\"trp-language-item\" href=\"https:\/\/anca674.supserv.cozmoslabs.com\/fr\/wp-json\/wp\/v2\/pages\/2\" role=\"option\" tabindex=\"-1\" title=\"Anglais (\u00c9tats-Unis)\">\r\n                        <img decoding=\"async\" src=\"https:\/\/anca674.supserv.cozmoslabs.com\/wp-content\/uploads\/2025\/04\/HD-wallpaper-stars-abej-beograd-13x12.jpg\" class=\"trp-flag-image trp-custom-flag\" alt=\"Anglais (\u00c9tats-Unis)\" loading=\"lazy\" \/>                                                    <span class=\"trp-language-item-name\" data-no-translation>English (United States)<\/span>\r\n                                                                    <\/a>\r\n                                    <a class=\"trp-language-item\" href=\"https:\/\/anca674.supserv.cozmoslabs.com\/fr\/wp-json\/wp\/v2\/pages\/2\" role=\"option\" tabindex=\"-1\" title=\"Espagnol\">\r\n                        <img decoding=\"async\" src=\"https:\/\/anca674.supserv.cozmoslabs.com\/wp-content\/plugins\/translatepress-multilingual\/assets\/flags\/4x3\/es_ES.svg\" class=\"trp-flag-image\" alt=\"Espagnol\" loading=\"lazy\" \/>                                                    <span class=\"trp-language-item-name\" data-no-translation>Spanish<\/span>\r\n                                                                    <\/a>\r\n                                    <a class=\"trp-language-item\" href=\"https:\/\/anca674.supserv.cozmoslabs.com\/fr\/wp-json\/wp\/v2\/pages\/2\" role=\"option\" tabindex=\"-1\" title=\"Gallois\">\r\n                        <img decoding=\"async\" src=\"https:\/\/anca674.supserv.cozmoslabs.com\/wp-content\/plugins\/translatepress-multilingual\/assets\/flags\/4x3\/cy.svg\" class=\"trp-flag-image\" alt=\"Gallois\" loading=\"lazy\" \/>                                                    <span class=\"trp-language-item-name\" data-no-translation>Welsh<\/span>\r\n                                                                    <\/a>\r\n                                    <a class=\"trp-language-item\" href=\"https:\/\/anca674.supserv.cozmoslabs.com\/fr\/wp-json\/wp\/v2\/pages\/2\" role=\"option\" tabindex=\"-1\" title=\"Bosniaque\">\r\n                        <img decoding=\"async\" src=\"https:\/\/anca674.supserv.cozmoslabs.com\/wp-content\/plugins\/translatepress-multilingual\/assets\/flags\/4x3\/bs_BA.svg\" class=\"trp-flag-image\" alt=\"Bosniaque\" loading=\"lazy\" \/>                                                    <span class=\"trp-language-item-name\" data-no-translation>Bosnian<\/span>\r\n                                                                    <\/a>\r\n                                    <\/div>\r\n    <\/div>\r\n<\/div>\r\n\n\n\n\n<p><br><br><\/p>\n\n\n\n<p class=\"translation-block\"><strong>Voici une page d'exemple<\/strong>. <em>Cette page est diff\u00e9rente d'un article de blog car elle restera \u00e0 un seul endroit<\/em> et appara\u00eetra dans la navigation de votre site (dans la plupart des th\u00e8mes). <strong>La plupart des gens commencent par une page \"\u00c0 propos\" qui les pr\u00e9sente aux visiteurs potentiels du site<\/strong>. Cette page pourrait ressembler \u00e0 ceci :<\/p>\n\n\n\n<blockquote class=\"wp-block-quote is-layout-flow wp-block-quote-is-layout-flow\">\n<p>Bonjour \u00e0 tous ! Je suis coursier \u00e0 v\u00e9lo le jour, acteur en herbe la nuit, et ceci est mon site web. Je vis \u00e0 Los Angeles, j'ai un super chien qui s'appelle Jack et j'aime les pi\u00f1a coladas. (Et me faire surprendre par la pluie.)<\/p>\n<\/blockquote>\n\n\n\n<p>...ou quelque chose comme \u00e7a :<\/p>\n\n\n\n<blockquote class=\"wp-block-quote is-layout-flow wp-block-quote-is-layout-flow\">\n<p>Les XYZ <strong>Doohickey<\/strong> <em>Entreprise<\/em> \u00e9tait <strong>fond\u00e9<\/strong> en 1971, et fournit depuis lors des objets de qualit\u00e9 au public. Situ\u00e9e \u00e0 Gotham City, XYZ emploie plus de 2 000 personnes et fait toutes sortes de choses g\u00e9niales pour la communaut\u00e9 de Gotham.<\/p>\n<\/blockquote>\n\n\n\n<p>En tant que nouvel utilisateur de WordPress, vous devez vous rendre \u00e0 l'adresse suivante <a href=\"http:\/\/anca674.supserv.cozmoslabs.com\/wp-admin\/\">votre tableau de bord<\/a> pour supprimer cette page et cr\u00e9er de nouvelles pages pour votre contenu. Amusez-vous bien !<\/p>\n\n\n\n<p><a href=\"tel:4401443228222\">4401443228222<\/a><\/p>\n\n\n\n<pre class=\"wp-block-preformatted\"><\/pre>\n\n\n\n<a href=\"tel:004401443228222\" data-no-translation=\"true\">004401443228222<\/a>\n\n\n\n\n\n\n\n<span class=\"wdt-heading-title\">Haut<span class=\"wdt-heading-colored-elements\">Les co\u00fbts,<\/span>Faible<span class=\"wdt-heading-colored elements\">Acc\u00e8s<\/span><\/span>\n\n\n\n<figure class=\"wp-block-image size-large\"><img fetchpriority=\"high\" decoding=\"async\" width=\"709\" height=\"1024\" src=\"http:\/\/anca674.supserv.cozmoslabs.com\/wp-content\/uploads\/2025\/04\/honey-yanibel-minaya-cruz-Q2dxmAzbUbk-unsplash-709x1024.jpg\" alt=\"\" class=\"wp-image-122\" srcset=\"https:\/\/anca674.supserv.cozmoslabs.com\/wp-content\/uploads\/2025\/04\/honey-yanibel-minaya-cruz-Q2dxmAzbUbk-unsplash-709x1024.jpg 709w, https:\/\/anca674.supserv.cozmoslabs.com\/wp-content\/uploads\/2025\/04\/honey-yanibel-minaya-cruz-Q2dxmAzbUbk-unsplash-scaled-600x866.jpg 600w, https:\/\/anca674.supserv.cozmoslabs.com\/wp-content\/uploads\/2025\/04\/honey-yanibel-minaya-cruz-Q2dxmAzbUbk-unsplash-208x300.jpg 208w, https:\/\/anca674.supserv.cozmoslabs.com\/wp-content\/uploads\/2025\/04\/honey-yanibel-minaya-cruz-Q2dxmAzbUbk-unsplash-768x1108.jpg 768w, https:\/\/anca674.supserv.cozmoslabs.com\/wp-content\/uploads\/2025\/04\/honey-yanibel-minaya-cruz-Q2dxmAzbUbk-unsplash-1064x1536.jpg 1064w, https:\/\/anca674.supserv.cozmoslabs.com\/wp-content\/uploads\/2025\/04\/honey-yanibel-minaya-cruz-Q2dxmAzbUbk-unsplash-1419x2048.jpg 1419w, https:\/\/anca674.supserv.cozmoslabs.com\/wp-content\/uploads\/2025\/04\/honey-yanibel-minaya-cruz-Q2dxmAzbUbk-unsplash-8x12.jpg 8w, https:\/\/anca674.supserv.cozmoslabs.com\/wp-content\/uploads\/2025\/04\/honey-yanibel-minaya-cruz-Q2dxmAzbUbk-unsplash-1080x1559.jpg 1080w, https:\/\/anca674.supserv.cozmoslabs.com\/wp-content\/uploads\/2025\/04\/honey-yanibel-minaya-cruz-Q2dxmAzbUbk-unsplash-1280x1847.jpg 1280w, https:\/\/anca674.supserv.cozmoslabs.com\/wp-content\/uploads\/2025\/04\/honey-yanibel-minaya-cruz-Q2dxmAzbUbk-unsplash-980x1414.jpg 980w, https:\/\/anca674.supserv.cozmoslabs.com\/wp-content\/uploads\/2025\/04\/honey-yanibel-minaya-cruz-Q2dxmAzbUbk-unsplash-480x693.jpg 480w, https:\/\/anca674.supserv.cozmoslabs.com\/wp-content\/uploads\/2025\/04\/honey-yanibel-minaya-cruz-Q2dxmAzbUbk-unsplash-scaled-400x577.jpg 400w, https:\/\/anca674.supserv.cozmoslabs.com\/wp-content\/uploads\/2025\/04\/honey-yanibel-minaya-cruz-Q2dxmAzbUbk-unsplash-scaled-1525x2200.jpg 1525w, https:\/\/anca674.supserv.cozmoslabs.com\/wp-content\/uploads\/2025\/04\/honey-yanibel-minaya-cruz-Q2dxmAzbUbk-unsplash-scaled.jpg 1774w\" sizes=\"(max-width: 709px) 100vw, 709px\" \/><\/figure>\n\n\n\n<p><\/p>\n\n\n\n<p><\/p>\n\n\n\n<p><\/p>\n\n\n\n<p><\/p>\n\n\n\n<p>Acc\u00e8s : Demander les donn\u00e9es personnelles que nous d\u00e9tenons \u00e0 votre sujet.<\/p>\n\n\n\n<p>Anca a apples et est going au march\u00e9 pour les vendre.<\/p>\n\n\n\n<p>Andra a Apples et se rend \u00e0 Going au magasin pour les vendre avec une remise.<\/p>\n\n\n\n<p>Ana a Apples et est Going au march\u00e9 pour les vendre. <br><br><br><br><br><br><\/p>","protected":false},"excerpt":{"rendered":"<p>This is an example page. It&#8217;s different from a blog post because it will stay in one place and will show up in your site navigation (in most themes). Most people start with an About page that introduces them to potential site visitors. It might say something like this: Hi there! I&#8217;m a bike messenger&hellip; <a class=\"more-link\" href=\"https:\/\/anca674.supserv.cozmoslabs.com\/fr\/blog\/page-dexemple\/\">Poursuivre la lecture <span class=\"screen-reader-text\">Exemple de page<\/span><\/a><\/p>","protected":false},"author":1,"featured_media":0,"parent":361,"menu_order":0,"comment_status":"closed","ping_status":"closed","template":"","meta":{"footnotes":""},"class_list":["post-2","page","type-page","status-publish","hentry","entry"],"_links":{"self":[{"href":"https:\/\/anca674.supserv.cozmoslabs.com\/fr\/wp-json\/wp\/v2\/pages\/2","targetHints":{"allow":["GET"]}}],"collection":[{"href":"https:\/\/anca674.supserv.cozmoslabs.com\/fr\/wp-json\/wp\/v2\/pages"}],"about":[{"href":"https:\/\/anca674.supserv.cozmoslabs.com\/fr\/wp-json\/wp\/v2\/types\/page"}],"author":[{"embeddable":true,"href":"https:\/\/anca674.supserv.cozmoslabs.com\/fr\/wp-json\/wp\/v2\/users\/1"}],"replies":[{"embeddable":true,"href":"https:\/\/anca674.supserv.cozmoslabs.com\/fr\/wp-json\/wp\/v2\/comments?post=2"}],"version-history":[{"count":17,"href":"https:\/\/anca674.supserv.cozmoslabs.com\/fr\/wp-json\/wp\/v2\/pages\/2\/revisions"}],"predecessor-version":[{"id":423,"href":"https:\/\/anca674.supserv.cozmoslabs.com\/fr\/wp-json\/wp\/v2\/pages\/2\/revisions\/423"}],"up":[{"embeddable":true,"href":"https:\/\/anca674.supserv.cozmoslabs.com\/fr\/wp-json\/wp\/v2\/pages\/361"}],"wp:attachment":[{"href":"https:\/\/anca674.supserv.cozmoslabs.com\/fr\/wp-json\/wp\/v2\/media?parent=2"}],"curies":[{"name":"wp","href":"https:\/\/api.w.org\/{rel}","templated":true}]}}