{"id":60,"date":"2025-04-04T12:06:35","date_gmt":"2025-04-04T12:06:35","guid":{"rendered":"http:\/\/ancatest.local\/?page_id=60"},"modified":"2025-09-05T10:13:37","modified_gmt":"2025-09-05T10:13:37","slug":"element-de-solution","status":"publish","type":"page","link":"https:\/\/anca674.supserv.cozmoslabs.com\/fr\/blog\/element-de-solution\/","title":{"rendered":"solution-item"},"content":{"rendered":"<p><strong>Le soleil se l\u00e8ve paresseusement sur la ville tranquille, peignant les toits d'or. Un chat s'\u00e9tire sur le rebord de la fen\u00eatre, clignant des yeux devant un oiseau qui passe. <\/strong><\/p>","protected":false},"excerpt":{"rendered":"<p>Le soleil se l\u00e8ve paresseusement sur la ville tranquille, peignant les toits d'or. Un chat s'\u00e9tire sur le rebord de la fen\u00eatre, clignant des yeux devant un oiseau qui passe.<\/p>","protected":false},"author":1,"featured_media":0,"parent":361,"menu_order":0,"comment_status":"closed","ping_status":"closed","template":"","meta":{"footnotes":""},"class_list":["post-60","page","type-page","status-publish","hentry","entry"],"_links":{"self":[{"href":"https:\/\/anca674.supserv.cozmoslabs.com\/fr\/wp-json\/wp\/v2\/pages\/60","targetHints":{"allow":["GET"]}}],"collection":[{"href":"https:\/\/anca674.supserv.cozmoslabs.com\/fr\/wp-json\/wp\/v2\/pages"}],"about":[{"href":"https:\/\/anca674.supserv.cozmoslabs.com\/fr\/wp-json\/wp\/v2\/types\/page"}],"author":[{"embeddable":true,"href":"https:\/\/anca674.supserv.cozmoslabs.com\/fr\/wp-json\/wp\/v2\/users\/1"}],"replies":[{"embeddable":true,"href":"https:\/\/anca674.supserv.cozmoslabs.com\/fr\/wp-json\/wp\/v2\/comments?post=60"}],"version-history":[{"count":2,"href":"https:\/\/anca674.supserv.cozmoslabs.com\/fr\/wp-json\/wp\/v2\/pages\/60\/revisions"}],"predecessor-version":[{"id":630,"href":"https:\/\/anca674.supserv.cozmoslabs.com\/fr\/wp-json\/wp\/v2\/pages\/60\/revisions\/630"}],"up":[{"embeddable":true,"href":"https:\/\/anca674.supserv.cozmoslabs.com\/fr\/wp-json\/wp\/v2\/pages\/361"}],"wp:attachment":[{"href":"https:\/\/anca674.supserv.cozmoslabs.com\/fr\/wp-json\/wp\/v2\/media?parent=60"}],"curies":[{"name":"wp","href":"https:\/\/api.w.org\/{rel}","templated":true}]}}